{"id":76,"date":"2025-07-16T20:03:52","date_gmt":"2025-07-16T20:03:52","guid":{"rendered":"https:\/\/kammerorchesterhannover.de\/impressum\/"},"modified":"2025-09-12T18:22:33","modified_gmt":"2025-09-12T16:22:33","slug":"impressum","status":"publish","type":"page","link":"https:\/\/kammerorchesterhannover.de\/en\/impressum","title":{"rendered":"Legal notice"},"content":{"rendered":"<section>Freundeskreis Kammerorchester Hannover e.V.<br \/>\nNienburger Stra\u00dfe 10<br \/>\n30167 Hannover<\/p>\n<p>Vereinsregister: VR 8496<br \/>\nRegistergericht: Amtsgericht Hannover<\/p>\n<p>Vertreten durch:<br \/>\nVorsitzender: Hans-Christian Euler<br \/>\nStellvertretender Vorsitzender: Johannes Brause<br \/>\nGesch\u00e4ftsf\u00fchrerin: Katharina Kaup<\/p>\n<p>Kontakt:<br \/>\nTelefon: <a href=\"tel:+495117010212\">\u202d+49 511 7010212\u202c<\/a><br \/>\nE-Mail: <a href=\"mailto:info@kammerorchesterhannover.de\">info@kammerorchesterhannover.de<\/a><\/p>\n<p>Der Verein ist als gemeinn\u00fctzig anerkannt.<\/p>\n<\/section>\n<section>\n<h4>Haftungsausschluss<\/h4>\n<p>Trotz sorgf\u00e4ltiger inhaltlicher Kontrolle \u00fcbernehmen wir keine Haftung f\u00fcr die Inhalte externer Links. F\u00fcr den Inhalt der verlinkten Seiten sind ausschlie\u00dflich deren Betreiber verantwortlich.<\/p>\n<p>Die Inhalte dieser Webseite wurden mit gr\u00f6\u00dfter Sorgfalt erstellt. F\u00fcr die Richtigkeit, Vollst\u00e4ndigkeit und Aktualit\u00e4t k\u00f6nnen wir jedoch keine Gew\u00e4hr \u00fcbernehmen.<\/p>\n<\/section>\n<section>\n<h4>Urheberrecht<\/h4>\n<p>Die Inhalte dieser Webseite sind urheberrechtlich gesch\u00fctzt. Vervielf\u00e4ltigung und Verbreitung nur mit schriftlicher Genehmigung.<\/p>\n<\/section>\n<section>\n<h4>Verbraucherstreitbeilegung<\/h4>\n<p>Wir sind nicht verpflichtet und nicht bereit, an Streitbeilegungsverfahren vor einer Verbraucherschlichtungsstelle teilzunehmen.<\/p>\n<\/section>","protected":false},"excerpt":{"rendered":"<p>Freundeskreis Kammerorchester Hannover e.V. Nienburger Stra\u00dfe 10 30167 Hannover Vereinsregister: VR 8496 Registergericht: Amtsgericht Hannover Vertreten durch: Vorsitzender: Hans-Christian Euler [&hellip;]<\/p>\n","protected":false},"author":1,"featured_media":0,"parent":0,"menu_order":25,"comment_status":"closed","ping_status":"closed","template":"","meta":{"site-sidebar-layout":"default","site-content-layout":"","ast-site-content-layout":"default","site-content-style":"default","site-sidebar-style":"default","ast-global-header-display":"","ast-banner-title-visibility":"","ast-main-header-display":"","ast-hfb-above-header-display":"","ast-hfb-below-header-display":"","ast-hfb-mobile-header-display":"","site-post-title":"","ast-breadcrumbs-content":"","ast-featured-img":"","footer-sml-layout":"","ast-disable-related-posts":"","theme-transparent-header-meta":"default","adv-header-id-meta":"","stick-header-meta":"","header-above-stick-meta":"","header-main-stick-meta":"","header-below-stick-meta":"","astra-migrate-meta-layouts":"set","ast-page-background-enabled":"default","ast-page-background-meta":{"desktop":{"background-color":"var(--ast-global-color-5)","background-image":"","background-repeat":"repeat","background-position":"center center","background-size":"auto","background-attachment":"scroll","background-type":"","background-media":"","overlay-type":"","overlay-color":"","overlay-opacity":"","overlay-gradient":""},"tablet":{"background-color":"","background-image":"","background-repeat":"repeat","background-position":"center center","background-size":"auto","background-attachment":"scroll","background-type":"","background-media":"","overlay-type":"","overlay-color":"","overlay-opacity":"","overlay-gradient":""},"mobile":{"background-color":"","background-image":"","background-repeat":"repeat","background-position":"center center","background-size":"auto","background-attachment":"scroll","background-type":"","background-media":"","overlay-type":"","overlay-color":"","overlay-opacity":"","overlay-gradient":""}},"ast-content-background-meta":{"desktop":{"background-color":"var(--ast-global-color-4)","background-image":"","background-repeat":"repeat","background-position":"center center","background-size":"auto","background-attachment":"scroll","background-type":"","background-media":"","overlay-type":"","overlay-color":"","overlay-opacity":"","overlay-gradient":""},"tablet":{"background-color":"var(--ast-global-color-4)","background-image":"","background-repeat":"repeat","background-position":"center center","background-size":"auto","background-attachment":"scroll","background-type":"","background-media":"","overlay-type":"","overlay-color":"","overlay-opacity":"","overlay-gradient":""},"mobile":{"background-color":"var(--ast-global-color-4)","background-image":"","background-repeat":"repeat","background-position":"center center","background-size":"auto","background-attachment":"scroll","background-type":"","background-media":"","overlay-type":"","overlay-color":"","overlay-opacity":"","overlay-gradient":""}},"iawp_total_views":88,"footnotes":""},"class_list":["post-76","page","type-page","status-publish","hentry"],"_links":{"self":[{"href":"https:\/\/kammerorchesterhannover.de\/en\/wp-json\/wp\/v2\/pages\/76","targetHints":{"allow":["GET"]}}],"collection":[{"href":"https:\/\/kammerorchesterhannover.de\/en\/wp-json\/wp\/v2\/pages"}],"about":[{"href":"https:\/\/kammerorchesterhannover.de\/en\/wp-json\/wp\/v2\/types\/page"}],"author":[{"embeddable":true,"href":"https:\/\/kammerorchesterhannover.de\/en\/wp-json\/wp\/v2\/users\/1"}],"replies":[{"embeddable":true,"href":"https:\/\/kammerorchesterhannover.de\/en\/wp-json\/wp\/v2\/comments?post=76"}],"version-history":[{"count":12,"href":"https:\/\/kammerorchesterhannover.de\/en\/wp-json\/wp\/v2\/pages\/76\/revisions"}],"predecessor-version":[{"id":3666,"href":"https:\/\/kammerorchesterhannover.de\/en\/wp-json\/wp\/v2\/pages\/76\/revisions\/3666"}],"wp:attachment":[{"href":"https:\/\/kammerorchesterhannover.de\/en\/wp-json\/wp\/v2\/media?parent=76"}],"curies":[{"name":"wp","href":"https:\/\/api.w.org\/{rel}","templated":true}]}}